{"id":1066,"date":"2023-01-17T19:49:31","date_gmt":"2023-01-17T19:49:31","guid":{"rendered":"https:\/\/www.takemetours.com\/contacto\/"},"modified":"2023-01-17T19:49:31","modified_gmt":"2023-01-17T19:49:31","slug":"contacto","status":"publish","type":"page","link":"https:\/\/www.takemetours.com\/es\/contacto\/","title":{"rendered":"Contacto"},"content":{"rendered":"<p>[et_pb_section fb_built=\u00bb1&#8243; admin_label=\u00bbHeader\u00bb _builder_version=\u00bb4.16&#8243; _module_preset=\u00bbdefault\u00bb background_color=\u00bb#182844&#8243; background_enable_image=\u00bboff\u00bb global_colors_info=\u00bb{}\u00bb][et_pb_row _builder_version=\u00bb4.16&#8243; _module_preset=\u00bbdefault\u00bb custom_padding=\u00bb||0px||false|false\u00bb global_colors_info=\u00bb{}\u00bb][et_pb_column type=\u00bb4_4&#8243; _builder_version=\u00bb4.16&#8243; _module_preset=\u00bbdefault\u00bb global_colors_info=\u00bb{}\u00bb][et_pb_text _builder_version=\u00bb4.16&#8243; text_font_size=\u00bb16px\u00bb text_line_height=\u00bb2em\u00bb header_font=\u00bbAlata||||||||\u00bb header_font_size=\u00bb100px\u00bb header_line_height=\u00bb1.2em\u00bb background_layout=\u00bbdark\u00bb custom_padding_phone=\u00bb50px||||false|false\u00bb custom_padding_last_edited=\u00bboff|desktop\u00bb text_font_size_tablet=\u00bb\u00bb text_font_size_phone=\u00bb14px\u00bb text_font_size_last_edited=\u00bbon|phone\u00bb header_font_size_tablet=\u00bb60px\u00bb header_font_size_phone=\u00bb40px\u00bb header_font_size_last_edited=\u00bbon|phone\u00bb locked=\u00bboff\u00bb global_colors_info=\u00bb{}\u00bb]<\/p>\n<h1>Cont\u00e1ctenos para reservar su viaje ahora!<\/h1>\n<p>Gracias por contactarnos directamente por tel\u00e9fono, correo electr\u00f3nico, whatsapp o completando el formulario a continuaci\u00f3n! Estamos siempre a tu disposici\u00f3n para ayudarte a preparar tu viaje a Marruecos. Seas como seas solo, en familia o en grupo de amigos, tenemos un plan de viaje bien adaptado para ti. No dude en contactarnos para cualquier solicitud de reserva o m\u00e1s informaci\u00f3nes!<\/p>\n<p>&nbsp;<\/p>\n<p>[\/et_pb_text][\/et_pb_column][\/et_pb_row][\/et_pb_section][et_pb_section fb_built=\u00bb1&#8243; admin_label=\u00bbContact\u00bb _builder_version=\u00bb4.16&#8243; _module_preset=\u00bbdefault\u00bb background_color=\u00bb#182844&#8243; background_enable_image=\u00bboff\u00bb global_colors_info=\u00bb{}\u00bb][et_pb_row column_structure=\u00bb1_4,1_4,1_4,1_4&#8243; _builder_version=\u00bb4.16&#8243; _module_preset=\u00bbdefault\u00bb global_colors_info=\u00bb{}\u00bb][et_pb_column type=\u00bb1_4&#8243; _builder_version=\u00bb4.16&#8243; _module_preset=\u00bbdefault\u00bb global_colors_info=\u00bb{}\u00bb][et_pb_text _builder_version=\u00bb4.19.3&#8243; text_font=\u00bbDM Sans|700|||||||\u00bb text_line_height=\u00bb1.6em\u00bb link_text_color=\u00bb#ffffff\u00bb header_6_font=\u00bbDM Sans|700||on|||||\u00bb header_6_text_color=\u00bb#eeddc6&#8243; header_6_letter_spacing=\u00bb4px\u00bb header_6_line_height=\u00bb1.2em\u00bb background_enable_color=\u00bboff\u00bb background_layout=\u00bbdark\u00bb scroll_rotating=\u00bb0|50|50|100|0\u00b0|0\u00b0|-45\u00b0\u00bb locked=\u00bboff\u00bb global_colors_info=\u00bb{}\u00bb]<\/p>\n<h6>Direcci\u00f3n<\/h6>\n<p>Avenida Moulay Ismail, Arfoud-52200<\/p>\n<p>[\/et_pb_text][\/et_pb_column][et_pb_column type=\u00bb1_4&#8243; _builder_version=\u00bb4.16&#8243; _module_preset=\u00bbdefault\u00bb global_colors_info=\u00bb{}\u00bb][et_pb_text _builder_version=\u00bb4.19.3&#8243; text_font=\u00bbDM Sans|700|||||||\u00bb text_line_height=\u00bb1.6em\u00bb link_text_color=\u00bb#ffffff\u00bb header_6_font=\u00bbDM Sans|700||on|||||\u00bb header_6_text_color=\u00bb#eeddc6&#8243; header_6_letter_spacing=\u00bb4px\u00bb header_6_line_height=\u00bb1.2em\u00bb background_enable_color=\u00bboff\u00bb background_layout=\u00bbdark\u00bb scroll_rotating=\u00bb0|50|50|100|0\u00b0|0\u00b0|-45\u00b0\u00bb locked=\u00bboff\u00bb global_colors_info=\u00bb{}\u00bb]<\/p>\n<h6>Tel\u00e9fono<\/h6>\n<p><span>+212 662 464 121<\/span><\/p>\n<p>[\/et_pb_text][\/et_pb_column][et_pb_column type=\u00bb1_4&#8243; _builder_version=\u00bb4.16&#8243; _module_preset=\u00bbdefault\u00bb global_colors_info=\u00bb{}\u00bb][et_pb_text _builder_version=\u00bb4.19.3&#8243; text_font=\u00bbDM Sans|700|||||||\u00bb text_line_height=\u00bb1.6em\u00bb link_text_color=\u00bb#ffffff\u00bb header_6_font=\u00bbDM Sans|700||on|||||\u00bb header_6_text_color=\u00bb#eeddc6&#8243; header_6_letter_spacing=\u00bb4px\u00bb header_6_line_height=\u00bb1.2em\u00bb background_enable_color=\u00bboff\u00bb background_layout=\u00bbdark\u00bb scroll_rotating=\u00bb0|50|50|100|0\u00b0|0\u00b0|-45\u00b0\u00bb locked=\u00bboff\u00bb global_colors_info=\u00bb{}\u00bb]<\/p>\n<h6>Correo electr\u00f3nico<\/h6>\n<p><a href=\"#\">contact@takemetours.com<\/a><\/p>\n<p>[\/et_pb_text][\/et_pb_column][et_pb_column type=\u00bb1_4&#8243; _builder_version=\u00bb4.16&#8243; _module_preset=\u00bbdefault\u00bb global_colors_info=\u00bb{}\u00bb][et_pb_text _builder_version=\u00bb4.16&#8243; text_font=\u00bbDM Sans|700|||||||\u00bb text_line_height=\u00bb1.6em\u00bb link_text_color=\u00bb#ffffff\u00bb header_6_font=\u00bbDM Sans|700||on|||||\u00bb header_6_text_color=\u00bb#eeddc6&#8243; header_6_letter_spacing=\u00bb4px\u00bb header_6_line_height=\u00bb1.2em\u00bb background_enable_color=\u00bboff\u00bb background_layout=\u00bbdark\u00bb custom_margin=\u00bb||0px||false|false\u00bb scroll_rotating=\u00bb0|50|50|100|0\u00b0|0\u00b0|-45\u00b0\u00bb locked=\u00bboff\u00bb global_colors_info=\u00bb{}\u00bb]<\/p>\n<h6>S\u00edganos<\/h6>\n<p>[\/et_pb_text][et_pb_social_media_follow icon_color=\u00bb#ffffff\u00bb _builder_version=\u00bb4.16&#8243; custom_margin=\u00bb||||false|false\u00bb custom_margin_last_edited=\u00bboff|desktop\u00bb locked=\u00bboff\u00bb global_colors_info=\u00bb{}\u00bb custom_padding__hover_enabled=\u00bboff|desktop\u00bb][et_pb_social_media_follow_network social_network=\u00bbfacebook\u00bb _builder_version=\u00bb4.16&#8243; background_enable_color=\u00bboff\u00bb global_colors_info=\u00bb{}\u00bb follow_button=\u00bboff\u00bb url_new_window=\u00bbon\u00bb]facebook[\/et_pb_social_media_follow_network][et_pb_social_media_follow_network social_network=\u00bbtwitter\u00bb _builder_version=\u00bb4.16&#8243; background_enable_color=\u00bboff\u00bb global_colors_info=\u00bb{}\u00bb follow_button=\u00bboff\u00bb url_new_window=\u00bbon\u00bb]twitter[\/et_pb_social_media_follow_network][et_pb_social_media_follow_network social_network=\u00bbyoutube\u00bb _builder_version=\u00bb4.16&#8243; background_enable_color=\u00bboff\u00bb global_colors_info=\u00bb{}\u00bb follow_button=\u00bboff\u00bb url_new_window=\u00bbon\u00bb]youtube[\/et_pb_social_media_follow_network][\/et_pb_social_media_follow][\/et_pb_column][\/et_pb_row][et_pb_row column_structure=\u00bb2_5,3_5&#8243; _builder_version=\u00bb4.19.3&#8243; _module_preset=\u00bbdefault\u00bb hover_enabled=\u00bb0&#8243; global_colors_info=\u00bb{}\u00bb sticky_enabled=\u00bb0&#8243;][et_pb_column type=\u00bb2_5&#8243; _builder_version=\u00bb4.16&#8243; _module_preset=\u00bbdefault\u00bb global_colors_info=\u00bb{}\u00bb][et_pb_contact_form submit_button_text=\u00bbSubmit\u00bb _builder_version=\u00bb4.19.3&#8243; _module_preset=\u00bbdefault\u00bb form_field_background_color=\u00bbrgba(0,0,0,0)\u00bb form_field_text_color=\u00bb#eeddc6&#8243; form_field_custom_margin=\u00bb||30px||false|false\u00bb form_field_custom_padding=\u00bb|0px||0px|false|true\u00bb title_level=\u00bbh3&#8243; title_font=\u00bbAlata||||||||\u00bb title_font_size=\u00bb40px\u00bb title_line_height=\u00bb1.2em\u00bb form_field_font=\u00bbDM Sans|700||on|||||\u00bb form_field_font_size=\u00bb12px\u00bb form_field_letter_spacing=\u00bb2px\u00bb form_field_line_height=\u00bb1.9em\u00bb custom_button=\u00bbon\u00bb button_text_size=\u00bb12px\u00bb button_text_color=\u00bb#ffffff\u00bb button_bg_color=\u00bb#182844&#8243; button_border_width=\u00bb0px\u00bb button_border_radius=\u00bb0px\u00bb button_letter_spacing=\u00bb4px\u00bb button_font=\u00bbDM Sans|700||on|||||\u00bb button_custom_padding=\u00bb20px|30px|20px|30px|true|true\u00bb hover_enabled=\u00bb0&#8243; title_font_size_tablet=\u00bb40px\u00bb title_font_size_phone=\u00bb30px\u00bb title_font_size_last_edited=\u00bbon|phone\u00bb border_width_bottom=\u00bb2px\u00bb border_color_bottom=\u00bbrgba(255,255,255,0.5)\u00bb locked=\u00bboff\u00bb global_colors_info=\u00bb{}\u00bb success_message=\u00bbYour message has been sent successfully ! Thank you !\u00bb email=\u00bbcontact@takemetours.com\u00bb sticky_enabled=\u00bb0&#8243;][et_pb_contact_field field_id=\u00bbName\u00bb field_title=\u00bbName\u00bb fullwidth_field=\u00bbon\u00bb _builder_version=\u00bb4.19.3&#8243; hover_enabled=\u00bb0&#8243; global_colors_info=\u00bb{}\u00bb button_text_size__hover_enabled=\u00bboff\u00bb button_one_text_size__hover_enabled=\u00bboff\u00bb button_two_text_size__hover_enabled=\u00bboff\u00bb button_text_color__hover_enabled=\u00bboff\u00bb button_one_text_color__hover_enabled=\u00bboff\u00bb button_two_text_color__hover_enabled=\u00bboff\u00bb button_border_width__hover_enabled=\u00bboff\u00bb button_one_border_width__hover_enabled=\u00bboff\u00bb button_two_border_width__hover_enabled=\u00bboff\u00bb button_border_color__hover_enabled=\u00bboff\u00bb button_one_border_color__hover_enabled=\u00bboff\u00bb button_two_border_color__hover_enabled=\u00bboff\u00bb button_border_radius__hover_enabled=\u00bboff\u00bb button_one_border_radius__hover_enabled=\u00bboff\u00bb button_two_border_radius__hover_enabled=\u00bboff\u00bb button_letter_spacing__hover_enabled=\u00bboff\u00bb button_one_letter_spacing__hover_enabled=\u00bboff\u00bb button_two_letter_spacing__hover_enabled=\u00bboff\u00bb button_bg_color__hover_enabled=\u00bboff\u00bb button_one_bg_color__hover_enabled=\u00bboff\u00bb button_two_bg_color__hover_enabled=\u00bboff\u00bb sticky_enabled=\u00bb0&#8243;][\/et_pb_contact_field][et_pb_contact_field field_id=\u00bbEmail\u00bb field_title=\u00bbEmail Address\u00bb field_type=\u00bbemail\u00bb fullwidth_field=\u00bbon\u00bb _builder_version=\u00bb4.16&#8243; global_colors_info=\u00bb{}\u00bb button_text_size__hover_enabled=\u00bboff\u00bb button_one_text_size__hover_enabled=\u00bboff\u00bb button_two_text_size__hover_enabled=\u00bboff\u00bb button_text_color__hover_enabled=\u00bboff\u00bb button_one_text_color__hover_enabled=\u00bboff\u00bb button_two_text_color__hover_enabled=\u00bboff\u00bb button_border_width__hover_enabled=\u00bboff\u00bb button_one_border_width__hover_enabled=\u00bboff\u00bb button_two_border_width__hover_enabled=\u00bboff\u00bb button_border_color__hover_enabled=\u00bboff\u00bb button_one_border_color__hover_enabled=\u00bboff\u00bb button_two_border_color__hover_enabled=\u00bboff\u00bb button_border_radius__hover_enabled=\u00bboff\u00bb button_one_border_radius__hover_enabled=\u00bboff\u00bb button_two_border_radius__hover_enabled=\u00bboff\u00bb button_letter_spacing__hover_enabled=\u00bboff\u00bb button_one_letter_spacing__hover_enabled=\u00bboff\u00bb button_two_letter_spacing__hover_enabled=\u00bboff\u00bb button_bg_color__hover_enabled=\u00bboff\u00bb button_one_bg_color__hover_enabled=\u00bboff\u00bb button_two_bg_color__hover_enabled=\u00bboff\u00bb][\/et_pb_contact_field][et_pb_contact_field field_id=\u00bbMessage\u00bb field_title=\u00bbMessage\u00bb field_type=\u00bbtext\u00bb fullwidth_field=\u00bbon\u00bb _builder_version=\u00bb4.16&#8243; global_colors_info=\u00bb{}\u00bb button_text_size__hover_enabled=\u00bboff\u00bb button_one_text_size__hover_enabled=\u00bboff\u00bb button_two_text_size__hover_enabled=\u00bboff\u00bb button_text_color__hover_enabled=\u00bboff\u00bb button_one_text_color__hover_enabled=\u00bboff\u00bb button_two_text_color__hover_enabled=\u00bboff\u00bb button_border_width__hover_enabled=\u00bboff\u00bb button_one_border_width__hover_enabled=\u00bboff\u00bb button_two_border_width__hover_enabled=\u00bboff\u00bb button_border_color__hover_enabled=\u00bboff\u00bb button_one_border_color__hover_enabled=\u00bboff\u00bb button_two_border_color__hover_enabled=\u00bboff\u00bb button_border_radius__hover_enabled=\u00bboff\u00bb button_one_border_radius__hover_enabled=\u00bboff\u00bb button_two_border_radius__hover_enabled=\u00bboff\u00bb button_letter_spacing__hover_enabled=\u00bboff\u00bb button_one_letter_spacing__hover_enabled=\u00bboff\u00bb button_two_letter_spacing__hover_enabled=\u00bboff\u00bb button_bg_color__hover_enabled=\u00bboff\u00bb button_one_bg_color__hover_enabled=\u00bboff\u00bb button_two_bg_color__hover_enabled=\u00bboff\u00bb][\/et_pb_contact_field][\/et_pb_contact_form][\/et_pb_column][et_pb_column type=\u00bb3_5&#8243; _builder_version=\u00bb4.16&#8243; _module_preset=\u00bbdefault\u00bb global_colors_info=\u00bb{}\u00bb][et_pb_code _builder_version=\u00bb4.19.3&#8243; _module_preset=\u00bbdefault\u00bb global_colors_info=\u00bb{}\u00bb]<iframe src=\"https:\/\/www.google.com\/maps\/embed?pb=!1m18!1m12!1m3!1d3404.011161257078!2d-4.233362034701521!3d31.441359673131277!2m3!1f0!2f0!3f0!3m2!1i1024!2i768!4f13.1!3m3!1m2!1s0x0%3A0xfe8a4f7455b46b46!2sRestaurant%20Caf%C3%A9%20Africa%20Rezzouki!5e0!3m2!1sfr!2sma!4v1671477793854!5m2!1sfr!2sma\" width=\"800\" height=\"600\" style=\"border:0;\" allowfullscreen=\"\" loading=\"lazy\" referrerpolicy=\"no-referrer-when-downgrade\"><\/iframe>[\/et_pb_code][\/et_pb_column][\/et_pb_row][\/et_pb_section]<\/p>\n","protected":false},"excerpt":{"rendered":"<p>Cont\u00e1ctenos para reservar su viaje ahora! Gracias por contactarnos directamente por tel\u00e9fono, correo electr\u00f3nico, whatsapp o completando el formulario a continuaci\u00f3n! Estamos siempre a tu disposici\u00f3n para ayudarte a preparar tu viaje a Marruecos. Seas como seas solo, en familia o en grupo de amigos, tenemos un plan de viaje bien adaptado para ti. No [&hellip;]<\/p>\n","protected":false},"author":1,"featured_media":0,"parent":0,"menu_order":0,"comment_status":"closed","ping_status":"closed","template":"","meta":{"_et_pb_use_builder":"on","_et_pb_old_content":"","_et_gb_content_width":"","footnotes":""},"class_list":["post-1066","page","type-page","status-publish","hentry"],"yoast_head":"<!-- This site is optimized with the Yoast SEO plugin v20.2.1 - https:\/\/yoast.com\/wordpress\/plugins\/seo\/ -->\n<title>Contacto - Take Me Tours<\/title>\n<meta name=\"robots\" content=\"index, follow, max-snippet:-1, max-image-preview:large, max-video-preview:-1\" \/>\n<link rel=\"canonical\" href=\"https:\/\/www.takemetours.com\/es\/contacto\/\" \/>\n<meta property=\"og:locale\" content=\"es_ES\" \/>\n<meta property=\"og:type\" content=\"article\" \/>\n<meta property=\"og:title\" content=\"Contacto - Take Me Tours\" \/>\n<meta property=\"og:description\" content=\"Cont\u00e1ctenos para reservar su viaje ahora! Gracias por contactarnos directamente por tel\u00e9fono, correo electr\u00f3nico, whatsapp o completando el formulario a continuaci\u00f3n! Estamos siempre a tu disposici\u00f3n para ayudarte a preparar tu viaje a Marruecos. Seas como seas solo, en familia o en grupo de amigos, tenemos un plan de viaje bien adaptado para ti. No [&hellip;]\" \/>\n<meta property=\"og:url\" content=\"https:\/\/www.takemetours.com\/es\/contacto\/\" \/>\n<meta property=\"og:site_name\" content=\"Take Me Tours\" \/>\n<meta property=\"article:publisher\" content=\"https:\/\/www.facebook.com\/people\/Take-Me-Tours\/100087987823774\/?mibextid=ZbWKwL\" \/>\n<meta property=\"og:image\" content=\"https:\/\/www.takemetours.com\/wp-content\/uploads\/2023\/03\/logo-make-me-tours-updated-transparent.png\" \/>\n\t<meta property=\"og:image:width\" content=\"4422\" \/>\n\t<meta property=\"og:image:height\" content=\"4414\" \/>\n\t<meta property=\"og:image:type\" content=\"image\/png\" \/>\n<meta name=\"twitter:card\" content=\"summary_large_image\" \/>\n<meta name=\"twitter:label1\" content=\"Tiempo de lectura\" \/>\n\t<meta name=\"twitter:data1\" content=\"7 minutos\" \/>\n<script type=\"application\/ld+json\" class=\"yoast-schema-graph\">{\"@context\":\"https:\/\/schema.org\",\"@graph\":[{\"@type\":\"WebPage\",\"@id\":\"https:\/\/www.takemetours.com\/es\/contacto\/\",\"url\":\"https:\/\/www.takemetours.com\/es\/contacto\/\",\"name\":\"Contacto - Take Me Tours\",\"isPartOf\":{\"@id\":\"https:\/\/www.takemetours.com\/#website\"},\"datePublished\":\"2023-01-17T19:49:31+00:00\",\"dateModified\":\"2023-01-17T19:49:31+00:00\",\"breadcrumb\":{\"@id\":\"https:\/\/www.takemetours.com\/es\/contacto\/#breadcrumb\"},\"inLanguage\":\"es\",\"potentialAction\":[{\"@type\":\"ReadAction\",\"target\":[\"https:\/\/www.takemetours.com\/es\/contacto\/\"]}]},{\"@type\":\"BreadcrumbList\",\"@id\":\"https:\/\/www.takemetours.com\/es\/contacto\/#breadcrumb\",\"itemListElement\":[{\"@type\":\"ListItem\",\"position\":1,\"name\":\"Home\",\"item\":\"https:\/\/www.takemetours.com\/es\/\"},{\"@type\":\"ListItem\",\"position\":2,\"name\":\"Contacto\"}]},{\"@type\":\"WebSite\",\"@id\":\"https:\/\/www.takemetours.com\/#website\",\"url\":\"https:\/\/www.takemetours.com\/\",\"name\":\"Take Me Tours\",\"description\":\"Private tours in Morocco- Travels in Morocco-holidays in Morocco-desert trips in Morocco\",\"publisher\":{\"@id\":\"https:\/\/www.takemetours.com\/#organization\"},\"potentialAction\":[{\"@type\":\"SearchAction\",\"target\":{\"@type\":\"EntryPoint\",\"urlTemplate\":\"https:\/\/www.takemetours.com\/?s={search_term_string}\"},\"query-input\":\"required name=search_term_string\"}],\"inLanguage\":\"es\"},{\"@type\":\"Organization\",\"@id\":\"https:\/\/www.takemetours.com\/#organization\",\"name\":\"Take Me Tours\",\"url\":\"https:\/\/www.takemetours.com\/\",\"logo\":{\"@type\":\"ImageObject\",\"inLanguage\":\"es\",\"@id\":\"https:\/\/www.takemetours.com\/#\/schema\/logo\/image\/\",\"url\":\"https:\/\/www.takemetours.com\/wp-content\/uploads\/2023\/01\/logo-make-me-tours-updated-transparent-e1676146988657.png\",\"contentUrl\":\"https:\/\/www.takemetours.com\/wp-content\/uploads\/2023\/01\/logo-make-me-tours-updated-transparent-e1676146988657.png\",\"width\":300,\"height\":299,\"caption\":\"Take Me Tours\"},\"image\":{\"@id\":\"https:\/\/www.takemetours.com\/#\/schema\/logo\/image\/\"},\"sameAs\":[\"https:\/\/www.facebook.com\/people\/Take-Me-Tours\/100087987823774\/?mibextid=ZbWKwL\"]}]}<\/script>\n<!-- \/ Yoast SEO plugin. -->","yoast_head_json":{"title":"Contacto - Take Me Tours","robots":{"index":"index","follow":"follow","max-snippet":"max-snippet:-1","max-image-preview":"max-image-preview:large","max-video-preview":"max-video-preview:-1"},"canonical":"https:\/\/www.takemetours.com\/es\/contacto\/","og_locale":"es_ES","og_type":"article","og_title":"Contacto - Take Me Tours","og_description":"Cont\u00e1ctenos para reservar su viaje ahora! Gracias por contactarnos directamente por tel\u00e9fono, correo electr\u00f3nico, whatsapp o completando el formulario a continuaci\u00f3n! Estamos siempre a tu disposici\u00f3n para ayudarte a preparar tu viaje a Marruecos. Seas como seas solo, en familia o en grupo de amigos, tenemos un plan de viaje bien adaptado para ti. No [&hellip;]","og_url":"https:\/\/www.takemetours.com\/es\/contacto\/","og_site_name":"Take Me Tours","article_publisher":"https:\/\/www.facebook.com\/people\/Take-Me-Tours\/100087987823774\/?mibextid=ZbWKwL","og_image":[{"width":4422,"height":4414,"url":"https:\/\/www.takemetours.com\/wp-content\/uploads\/2023\/03\/logo-make-me-tours-updated-transparent.png","type":"image\/png"}],"twitter_card":"summary_large_image","twitter_misc":{"Tiempo de lectura":"7 minutos"},"schema":{"@context":"https:\/\/schema.org","@graph":[{"@type":"WebPage","@id":"https:\/\/www.takemetours.com\/es\/contacto\/","url":"https:\/\/www.takemetours.com\/es\/contacto\/","name":"Contacto - Take Me Tours","isPartOf":{"@id":"https:\/\/www.takemetours.com\/#website"},"datePublished":"2023-01-17T19:49:31+00:00","dateModified":"2023-01-17T19:49:31+00:00","breadcrumb":{"@id":"https:\/\/www.takemetours.com\/es\/contacto\/#breadcrumb"},"inLanguage":"es","potentialAction":[{"@type":"ReadAction","target":["https:\/\/www.takemetours.com\/es\/contacto\/"]}]},{"@type":"BreadcrumbList","@id":"https:\/\/www.takemetours.com\/es\/contacto\/#breadcrumb","itemListElement":[{"@type":"ListItem","position":1,"name":"Home","item":"https:\/\/www.takemetours.com\/es\/"},{"@type":"ListItem","position":2,"name":"Contacto"}]},{"@type":"WebSite","@id":"https:\/\/www.takemetours.com\/#website","url":"https:\/\/www.takemetours.com\/","name":"Take Me Tours","description":"Private tours in Morocco- Travels in Morocco-holidays in Morocco-desert trips in Morocco","publisher":{"@id":"https:\/\/www.takemetours.com\/#organization"},"potentialAction":[{"@type":"SearchAction","target":{"@type":"EntryPoint","urlTemplate":"https:\/\/www.takemetours.com\/?s={search_term_string}"},"query-input":"required name=search_term_string"}],"inLanguage":"es"},{"@type":"Organization","@id":"https:\/\/www.takemetours.com\/#organization","name":"Take Me Tours","url":"https:\/\/www.takemetours.com\/","logo":{"@type":"ImageObject","inLanguage":"es","@id":"https:\/\/www.takemetours.com\/#\/schema\/logo\/image\/","url":"https:\/\/www.takemetours.com\/wp-content\/uploads\/2023\/01\/logo-make-me-tours-updated-transparent-e1676146988657.png","contentUrl":"https:\/\/www.takemetours.com\/wp-content\/uploads\/2023\/01\/logo-make-me-tours-updated-transparent-e1676146988657.png","width":300,"height":299,"caption":"Take Me Tours"},"image":{"@id":"https:\/\/www.takemetours.com\/#\/schema\/logo\/image\/"},"sameAs":["https:\/\/www.facebook.com\/people\/Take-Me-Tours\/100087987823774\/?mibextid=ZbWKwL"]}]}},"_links":{"self":[{"href":"https:\/\/www.takemetours.com\/es\/wp-json\/wp\/v2\/pages\/1066","targetHints":{"allow":["GET"]}}],"collection":[{"href":"https:\/\/www.takemetours.com\/es\/wp-json\/wp\/v2\/pages"}],"about":[{"href":"https:\/\/www.takemetours.com\/es\/wp-json\/wp\/v2\/types\/page"}],"author":[{"embeddable":true,"href":"https:\/\/www.takemetours.com\/es\/wp-json\/wp\/v2\/users\/1"}],"replies":[{"embeddable":true,"href":"https:\/\/www.takemetours.com\/es\/wp-json\/wp\/v2\/comments?post=1066"}],"version-history":[{"count":0,"href":"https:\/\/www.takemetours.com\/es\/wp-json\/wp\/v2\/pages\/1066\/revisions"}],"wp:attachment":[{"href":"https:\/\/www.takemetours.com\/es\/wp-json\/wp\/v2\/media?parent=1066"}],"curies":[{"name":"wp","href":"https:\/\/api.w.org\/{rel}","templated":true}]}}